{"id":39,"date":"2024-08-26T19:46:42","date_gmt":"2024-08-26T19:46:42","guid":{"rendered":"https:\/\/champny.org\/?page_id=39"},"modified":"2024-12-11T09:41:45","modified_gmt":"2024-12-11T14:41:45","slug":"accessibility-statement","status":"publish","type":"page","link":"https:\/\/champny.org\/pl\/accessibility-statement\/","title":{"rendered":"O\u015bwiadczenie o dost\u0119pno\u015bci witryny internetowej"},"content":{"rendered":"","protected":false},"excerpt":{"rendered":"","protected":false},"author":2,"featured_media":0,"parent":0,"menu_order":0,"comment_status":"closed","ping_status":"closed","template":"","meta":{"_acf_changed":false,"inline_featured_image":false,"footnotes":""},"class_list":["post-39","page","type-page","status-publish","hentry"],"acf":[],"yoast_head":"<!-- This site is optimized with the Yoast SEO plugin v27.3 - https:\/\/yoast.com\/product\/yoast-seo-wordpress\/ -->\n<title>Website Accessibility Statement - CHAMP<\/title>\n<meta name=\"robots\" content=\"index, follow, max-snippet:-1, max-image-preview:large, max-video-preview:-1\" \/>\n<link rel=\"canonical\" href=\"https:\/\/champny.org\/pl\/accessibility-statement\/\" \/>\n<meta property=\"og:locale\" content=\"pl_PL\" \/>\n<meta property=\"og:type\" content=\"article\" \/>\n<meta property=\"og:title\" content=\"Website Accessibility Statement - CHAMP\" \/>\n<meta property=\"og:url\" content=\"https:\/\/champny.org\/pl\/accessibility-statement\/\" \/>\n<meta property=\"og:site_name\" content=\"CHAMP\" \/>\n<meta property=\"article:modified_time\" content=\"2024-12-11T14:41:45+00:00\" \/>\n<meta name=\"twitter:card\" content=\"summary_large_image\" \/>\n<meta name=\"twitter:label1\" content=\"Est. reading time\" \/>\n\t<meta name=\"twitter:data1\" content=\"1 minuta\" \/>\n<script type=\"application\/ld+json\" class=\"yoast-schema-graph\">{\"@context\":\"https:\\\/\\\/schema.org\",\"@graph\":[{\"@type\":\"WebPage\",\"@id\":\"https:\\\/\\\/champny.org\\\/accessibility-statement\\\/\",\"url\":\"https:\\\/\\\/champny.org\\\/accessibility-statement\\\/\",\"name\":\"Website Accessibility Statement - CHAMP\",\"isPartOf\":{\"@id\":\"https:\\\/\\\/champny.org\\\/#website\"},\"datePublished\":\"2024-08-26T19:46:42+00:00\",\"dateModified\":\"2024-12-11T14:41:45+00:00\",\"breadcrumb\":{\"@id\":\"https:\\\/\\\/champny.org\\\/accessibility-statement\\\/#breadcrumb\"},\"inLanguage\":\"pl-PL\",\"potentialAction\":[{\"@type\":\"ReadAction\",\"target\":[\"https:\\\/\\\/champny.org\\\/accessibility-statement\\\/\"]}]},{\"@type\":\"BreadcrumbList\",\"@id\":\"https:\\\/\\\/champny.org\\\/accessibility-statement\\\/#breadcrumb\",\"itemListElement\":[{\"@type\":\"ListItem\",\"position\":1,\"name\":\"Home\",\"item\":\"https:\\\/\\\/champny.org\\\/\"},{\"@type\":\"ListItem\",\"position\":2,\"name\":\"Website Accessibility Statement\"}]},{\"@type\":\"WebSite\",\"@id\":\"https:\\\/\\\/champny.org\\\/#website\",\"url\":\"https:\\\/\\\/champny.org\\\/\",\"name\":\"CHAMP\",\"description\":\"\",\"publisher\":{\"@id\":\"https:\\\/\\\/champny.org\\\/#organization\"},\"potentialAction\":[{\"@type\":\"SearchAction\",\"target\":{\"@type\":\"EntryPoint\",\"urlTemplate\":\"https:\\\/\\\/champny.org\\\/?s={search_term_string}\"},\"query-input\":{\"@type\":\"PropertyValueSpecification\",\"valueRequired\":true,\"valueName\":\"search_term_string\"}}],\"inLanguage\":\"pl-PL\"},{\"@type\":\"Organization\",\"@id\":\"https:\\\/\\\/champny.org\\\/#organization\",\"name\":\"CHAMP\",\"url\":\"https:\\\/\\\/champny.org\\\/\",\"logo\":{\"@type\":\"ImageObject\",\"inLanguage\":\"pl-PL\",\"@id\":\"https:\\\/\\\/champny.org\\\/#\\\/schema\\\/logo\\\/image\\\/\",\"url\":\"https:\\\/\\\/champny.org\\\/wp-content\\\/uploads\\\/2025\\\/04\\\/CHAMP_Logo_Purple.png\",\"contentUrl\":\"https:\\\/\\\/champny.org\\\/wp-content\\\/uploads\\\/2025\\\/04\\\/CHAMP_Logo_Purple.png\",\"width\":478,\"height\":217,\"caption\":\"CHAMP\"},\"image\":{\"@id\":\"https:\\\/\\\/champny.org\\\/#\\\/schema\\\/logo\\\/image\\\/\"}}]}<\/script>\n<!-- \/ Yoast SEO plugin. -->","yoast_head_json":{"title":"Website Accessibility Statement - CHAMP","robots":{"index":"index","follow":"follow","max-snippet":"max-snippet:-1","max-image-preview":"max-image-preview:large","max-video-preview":"max-video-preview:-1"},"canonical":"https:\/\/champny.org\/pl\/accessibility-statement\/","og_locale":"pl_PL","og_type":"article","og_title":"Website Accessibility Statement - CHAMP","og_url":"https:\/\/champny.org\/pl\/accessibility-statement\/","og_site_name":"CHAMP","article_modified_time":"2024-12-11T14:41:45+00:00","twitter_card":"summary_large_image","twitter_misc":{"Est. reading time":"1 minuta"},"schema":{"@context":"https:\/\/schema.org","@graph":[{"@type":"WebPage","@id":"https:\/\/champny.org\/accessibility-statement\/","url":"https:\/\/champny.org\/accessibility-statement\/","name":"Website Accessibility Statement - CHAMP","isPartOf":{"@id":"https:\/\/champny.org\/#website"},"datePublished":"2024-08-26T19:46:42+00:00","dateModified":"2024-12-11T14:41:45+00:00","breadcrumb":{"@id":"https:\/\/champny.org\/accessibility-statement\/#breadcrumb"},"inLanguage":"pl-PL","potentialAction":[{"@type":"ReadAction","target":["https:\/\/champny.org\/accessibility-statement\/"]}]},{"@type":"BreadcrumbList","@id":"https:\/\/champny.org\/accessibility-statement\/#breadcrumb","itemListElement":[{"@type":"ListItem","position":1,"name":"Home","item":"https:\/\/champny.org\/"},{"@type":"ListItem","position":2,"name":"Website Accessibility Statement"}]},{"@type":"WebSite","@id":"https:\/\/champny.org\/#website","url":"https:\/\/champny.org\/","name":"CHRUPA\u0106","description":"","publisher":{"@id":"https:\/\/champny.org\/#organization"},"potentialAction":[{"@type":"SearchAction","target":{"@type":"EntryPoint","urlTemplate":"https:\/\/champny.org\/?s={search_term_string}"},"query-input":{"@type":"PropertyValueSpecification","valueRequired":true,"valueName":"search_term_string"}}],"inLanguage":"pl-PL"},{"@type":"Organization","@id":"https:\/\/champny.org\/#organization","name":"CHRUPA\u0106","url":"https:\/\/champny.org\/","logo":{"@type":"ImageObject","inLanguage":"pl-PL","@id":"https:\/\/champny.org\/#\/schema\/logo\/image\/","url":"https:\/\/champny.org\/wp-content\/uploads\/2025\/04\/CHAMP_Logo_Purple.png","contentUrl":"https:\/\/champny.org\/wp-content\/uploads\/2025\/04\/CHAMP_Logo_Purple.png","width":478,"height":217,"caption":"CHAMP"},"image":{"@id":"https:\/\/champny.org\/#\/schema\/logo\/image\/"}}]}},"_links":{"self":[{"href":"https:\/\/champny.org\/pl\/wp-json\/wp\/v2\/pages\/39","targetHints":{"allow":["GET"]}}],"collection":[{"href":"https:\/\/champny.org\/pl\/wp-json\/wp\/v2\/pages"}],"about":[{"href":"https:\/\/champny.org\/pl\/wp-json\/wp\/v2\/types\/page"}],"author":[{"embeddable":true,"href":"https:\/\/champny.org\/pl\/wp-json\/wp\/v2\/users\/2"}],"replies":[{"embeddable":true,"href":"https:\/\/champny.org\/pl\/wp-json\/wp\/v2\/comments?post=39"}],"version-history":[{"count":0,"href":"https:\/\/champny.org\/pl\/wp-json\/wp\/v2\/pages\/39\/revisions"}],"wp:attachment":[{"href":"https:\/\/champny.org\/pl\/wp-json\/wp\/v2\/media?parent=39"}],"curies":[{"name":"wp","href":"https:\/\/api.w.org\/{rel}","templated":true}]}}